{"id":4400,"date":"2021-10-12T15:51:09","date_gmt":"2021-10-12T15:51:09","guid":{"rendered":"http:\/\/dummy.xtemos.com\/woodmart2\/elementor\/?page_id=4400"},"modified":"2025-05-28T13:37:11","modified_gmt":"2025-05-28T11:37:11","slug":"o-nama","status":"publish","type":"page","link":"https:\/\/turbatours.com\/tr\/o-nama\/","title":{"rendered":"O nama"},"content":{"rendered":"<div data-elementor-type=\"wp-page\" data-elementor-id=\"4400\" class=\"elementor elementor-4400\" data-elementor-post-type=\"page\">\n\t\t\t\t<div class=\"wd-negative-gap elementor-element elementor-element-7c7c544 e-flex e-con-boxed e-con e-parent\" data-id=\"7c7c544\" data-element_type=\"container\">\n\t\t\t\t\t<div class=\"e-con-inner\">\n\t\t<div class=\"elementor-element elementor-element-e7cb5cd e-con-full e-flex e-con e-child\" data-id=\"e7cb5cd\" data-element_type=\"container\">\n\t\t\t\t<div class=\"elementor-element elementor-element-56aec39 elementor-widget elementor-widget-wd_image_or_svg\" data-id=\"56aec39\" data-element_type=\"widget\" data-widget_type=\"wd_image_or_svg.default\">\n\t\t\t\t<div class=\"elementor-widget-container\">\n\t\t\t\t\t\n\t\t<div class=\"wd-image text-left\">\n\t\t\t\t\t\t\t\t<img loading=\"lazy\" decoding=\"async\" width=\"1748\" height=\"1748\" src=\"https:\/\/turbatours.com\/wp-content\/uploads\/2025\/02\/Jajcevodopadi.jpg\" class=\"attachment-full size-full\" alt=\"\" srcset=\"https:\/\/turbatours.com\/wp-content\/uploads\/2025\/02\/Jajcevodopadi.jpg 1748w, https:\/\/turbatours.com\/wp-content\/uploads\/2025\/02\/Jajcevodopadi-300x300.jpg 300w, https:\/\/turbatours.com\/wp-content\/uploads\/2025\/02\/Jajcevodopadi-800x800.jpg 800w, https:\/\/turbatours.com\/wp-content\/uploads\/2025\/02\/Jajcevodopadi-150x150.jpg 150w, https:\/\/turbatours.com\/wp-content\/uploads\/2025\/02\/Jajcevodopadi-768x768.jpg 768w, https:\/\/turbatours.com\/wp-content\/uploads\/2025\/02\/Jajcevodopadi-1536x1536.jpg 1536w, https:\/\/turbatours.com\/wp-content\/uploads\/2025\/02\/Jajcevodopadi-12x12.jpg 12w, https:\/\/turbatours.com\/wp-content\/uploads\/2025\/02\/Jajcevodopadi-430x430.jpg 430w, https:\/\/turbatours.com\/wp-content\/uploads\/2025\/02\/Jajcevodopadi-700x700.jpg 700w\" sizes=\"auto, (max-width: 1748px) 100vw, 1748px\" \/>\t\t\t\t\t<\/div>\n\n\t\t\t\t\t\t<\/div>\n\t\t\t\t<\/div>\n\t\t\t\t<\/div>\n\t\t<div class=\"elementor-element elementor-element-97d6084 e-con-full e-flex e-con e-child\" data-id=\"97d6084\" data-element_type=\"container\">\n\t\t\t\t<div class=\"elementor-element elementor-element-98d830b wd-width-100 elementor-widget elementor-widget-wd_title\" data-id=\"98d830b\" data-element_type=\"widget\" data-widget_type=\"wd_title.default\">\n\t\t\t\t<div class=\"elementor-widget-container\">\n\t\t\t\t\t\t\t<div class=\"title-wrapper wd-set-mb reset-last-child wd-title-color-primary wd-title-style-default wd-title-size-large text-left\">\n\n\t\t\t\t\t\t\t\t\t\t\t<div class=\"title-subtitle subtitle-color-primary subtitle-style-default wd-fontsize-xs\">\n\t\t\t\t\tO nama\t\t\t\t<\/div>\n\t\t\t\n\t\t\t<div class=\"liner-continer\">\n\t\t\t\t<h4 class=\"woodmart-title-container title wd-fontsize-xxl\">Balkan vas zove \u2013 po\u0111ite sa nama<\/h4> \n\t\t\t\t\t\t\t<\/div>\n\n\t\t\t\t\t<\/div>\n\t\t\t\t\t\t<\/div>\n\t\t\t\t<\/div>\n\t\t\t\t<div class=\"elementor-element elementor-element-66e47ad elementor-widget elementor-widget-wd_text_block\" data-id=\"66e47ad\" data-element_type=\"widget\" data-widget_type=\"wd_text_block.default\">\n\t\t\t\t<div class=\"elementor-widget-container\">\n\t\t\t\t\t\t\t<div class=\"wd-text-block reset-last-child text-left\">\n\t\t\t\n\t\t\t<p data-start=\"128\" data-end=\"368\"><strong data-start=\"128\" data-end=\"143\">Turba Tours<\/strong> je turisti\u010dka agencija specijalizovana za autenti\u010dne ture po Balkanu. Sa stra\u0161\u0107u prema putovanjima i dubokim poznavanjem regiona, kreiramo jedinstvena iskustva koja povezuju kulturu, istoriju, prirodu i lokalni na\u010din \u017eivota.<\/p><p data-start=\"370\" data-end=\"706\">Na\u0161a misija je da putnicima pru\u017eimo vi\u0161e od obi\u010dnog obilaska \u2013 \u017eelimo da osete duh Balkana kroz susrete sa lokalnim ljudima, tradicionalnu kuhinju, netaknute pejza\u017ee i pri\u010de koje se prenose s kolena na koleno. Bilo da istra\u017eujete anti\u010dke gradove, planinske staze ili obalu Jadrana, uz Turba Tours putujete kao lokalac, a ne kao turista.<\/p><p data-start=\"708\" data-end=\"995\">Organizujemo individualne i grupne ture, tematska putovanja, kao i ture prilago\u0111ene posebnim interesovanjima poput gastronomije, avanturizma ili kulturne ba\u0161tine. Na\u0161 tim \u010dine iskusni vodi\u010di i lokalni entuzijasti koji se brinu da svako putovanje bude sigurno, inspirativno i nezaboravno.<\/p>\n\t\t\t\t\t<\/div>\n\t\t\t\t\t\t<\/div>\n\t\t\t\t<\/div>\n\t\t\t\t<\/div>\n\t\t\t\t\t<\/div>\n\t\t\t\t<\/div>\n\t\t<div class=\"wd-negative-gap elementor-element elementor-element-8481c26 e-flex e-con-boxed e-con e-parent\" data-id=\"8481c26\" data-element_type=\"container\">\n\t\t\t\t\t<div class=\"e-con-inner\">\n\t\t\t\t<div class=\"elementor-element elementor-element-d66a211 wd-width-100 elementor-widget elementor-widget-wd_title\" data-id=\"d66a211\" data-element_type=\"widget\" data-widget_type=\"wd_title.default\">\n\t\t\t\t<div class=\"elementor-widget-container\">\n\t\t\t\t\t\t\t<div class=\"title-wrapper wd-set-mb reset-last-child wd-title-color-primary wd-title-style-default wd-title-size-large text-center\">\n\n\t\t\t\t\t\t\t\t\t\t\t<div class=\"title-subtitle subtitle-color-primary subtitle-style-default wd-fontsize-xs\">\n\t\t\t\t\tNa\u0161i vodi\u010di\t\t\t\t<\/div>\n\t\t\t\n\t\t\t<div class=\"liner-continer\">\n\t\t\t\t<h4 class=\"woodmart-title-container title wd-fontsize-xxl\">Na\u0161 tim i vodi\u010di<\/h4> \n\t\t\t\t\t\t\t<\/div>\n\n\t\t\t\t\t\t\t<div class=\"title-after_title reset-last-child wd-fontsize-s\">\n\t\t\t\t\t<p>U srcu <strong>Turba Toursa<\/strong> je tim zaljubljenika u Balkan \u2013 ljudi koji ne samo da poznaju region, ve\u0107 ga i iskreno \u017eive. Svaki \u010dlan na\u0161eg tima donosi znanje, energiju i li\u010dnu posve\u0107enost stvaranju nezaboravnih putni\u010dkih iskustava.<\/p><p>Na\u0161i vodi\u010di su mnogo vi\u0161e od obi\u010dnih vodi\u010da \u2013 oni su lokalni doma\u0107ini, pripoveda\u010di i saputnici. Govore vi\u0161e jezika, poznaju svaku stazu i uli\u010dicu, i uvek su spremni da podele skrivene dragulje koje ne\u0107ete na\u0107i u turisti\u010dkim bro\u0161urama. Bilo da se radi o degustaciji doma\u0107e rakije u zaba\u010denom selu, ili o vo\u0111enju kroz istoriju drevnih gradova \u2013 na\u0161i vodi\u010di daju du\u0161u svakom putovanju.<\/p><p>Zajedno, kao tim, radimo s jednom idejom: da svako putovanje sa nama bude li\u010dno, iskreno i ispunjeno pravim susretima.<\/p>\t\t\t\t<\/div>\n\t\t\t\t\t<\/div>\n\t\t\t\t\t\t<\/div>\n\t\t\t\t<\/div>\n\t\t\t\t\t<\/div>\n\t\t\t\t<\/div>\n\t\t<div class=\"wd-negative-gap elementor-element elementor-element-eafc045 e-flex e-con-boxed e-con e-parent\" data-id=\"eafc045\" data-element_type=\"container\">\n\t\t\t\t\t<div class=\"e-con-inner\">\n\t\t<div class=\"elementor-element elementor-element-64bdd4a e-con-full e-flex e-con e-child\" data-id=\"64bdd4a\" data-element_type=\"container\">\n\t\t\t\t<div class=\"elementor-element elementor-element-180708f elementor-widget-mobile__width-inherit elementor-widget elementor-widget-wd_team_member\" data-id=\"180708f\" data-element_type=\"widget\" data-widget_type=\"wd_team_member.default\">\n\t\t\t\t<div class=\"elementor-widget-container\">\n\t\t\t\t\t\t\t<div class=\"team-member member-layout-default text-center\">\n\t\t\t\t\t\t\t<div class=\"member-image-wrapper\">\n\t\t\t\t\t<div class=\"member-image\">\n\t\t\t\t\t\t<img loading=\"lazy\" decoding=\"async\" width=\"422\" height=\"562\" src=\"https:\/\/turbatours.com\/wp-content\/uploads\/2025\/05\/enver-eminovic-direktor-ho-hasene-Copy-removebg-preview.png\" class=\"attachment-full size-full\" alt=\"\" srcset=\"https:\/\/turbatours.com\/wp-content\/uploads\/2025\/05\/enver-eminovic-direktor-ho-hasene-Copy-removebg-preview.png 422w, https:\/\/turbatours.com\/wp-content\/uploads\/2025\/05\/enver-eminovic-direktor-ho-hasene-Copy-removebg-preview-225x300.png 225w, https:\/\/turbatours.com\/wp-content\/uploads\/2025\/05\/enver-eminovic-direktor-ho-hasene-Copy-removebg-preview-9x12.png 9w\" sizes=\"auto, (max-width: 422px) 100vw, 422px\" \/>\t\t\t\t\t<\/div>\n\t\t\t\t<\/div>\n\t\t\t\n\t\t\t<div class=\"member-details wd-set-mb reset-last-child\">\n\t\t\t\t\t\t\t\t\t<h4 class=\"member-name\">\n\t\t\t\t\t\tEnver Eminovic\t\t\t\t\t<\/h4>\n\t\t\t\t\n\t\t\t\t\t\t\t\t\t<div class=\"member-position\">\n\t\t\t\t\t\tHistori\u010dar i vrhunski poznavalac Bosne\t\t\t\t\t<\/div>\n\t\t\t\t\n\t\t\t\t\n\t\t\t\t\t\t\t<\/div>\n\t\t<\/div>\n\t\t\t\t\t\t<\/div>\n\t\t\t\t<\/div>\n\t\t\t\t<\/div>\n\t\t<div class=\"elementor-element elementor-element-135a473 e-con-full e-flex e-con e-child\" data-id=\"135a473\" data-element_type=\"container\">\n\t\t\t\t<div class=\"elementor-element elementor-element-9e1e30d wd-width-100 elementor-widget elementor-widget-wd_images_gallery\" data-id=\"9e1e30d\" data-element_type=\"widget\" data-widget_type=\"wd_images_gallery.default\">\n\t\t\t\t<div class=\"elementor-widget-container\">\n\t\t\t\t\t\t\t<div class=\"wd-images-gallery photoswipe-images\" style=\"--wd-align-items:center; --wd-justify-content:center;\">\n\t\t\t\t\t\t<div class=\"wd-grid-g\" style=\"--wd-col-lg:3;--wd-col-md:3;--wd-col-sm:1;--wd-gap-lg:0px;\" >\n\t\t\t\t\t\t\t\t\t\t\t\t\t\t\t\t\t\t<div class=\"wd-gallery-item wd-col\">\n\t\t\t\t\t\t\t\t\t\t\t\t\t<a  href=\"https:\/\/turbatours.com\/wp-content\/uploads\/2025\/03\/Turba-Tours-vizit-karte-148-x-148-mm.jpg\" data-width=\"1748\" data-height=\"1748\" data-index=\"1\" data-elementor-open-lightbox=\"no\">\n\t\t\t\t\t\t\n\t\t\t\t\t\t<img loading=\"lazy\" decoding=\"async\" width=\"800\" height=\"800\" src=\"https:\/\/turbatours.com\/wp-content\/uploads\/2025\/03\/Turba-Tours-vizit-karte-148-x-148-mm-800x800.jpg\" class=\"attachment-large size-large\" alt=\"Turba Tours vizit karte (148 x 148 mm)\" srcset=\"https:\/\/turbatours.com\/wp-content\/uploads\/2025\/03\/Turba-Tours-vizit-karte-148-x-148-mm-800x800.jpg 800w, https:\/\/turbatours.com\/wp-content\/uploads\/2025\/03\/Turba-Tours-vizit-karte-148-x-148-mm-300x300.jpg 300w, https:\/\/turbatours.com\/wp-content\/uploads\/2025\/03\/Turba-Tours-vizit-karte-148-x-148-mm-150x150.jpg 150w, https:\/\/turbatours.com\/wp-content\/uploads\/2025\/03\/Turba-Tours-vizit-karte-148-x-148-mm-768x768.jpg 768w, https:\/\/turbatours.com\/wp-content\/uploads\/2025\/03\/Turba-Tours-vizit-karte-148-x-148-mm-1536x1536.jpg 1536w, https:\/\/turbatours.com\/wp-content\/uploads\/2025\/03\/Turba-Tours-vizit-karte-148-x-148-mm-12x12.jpg 12w, https:\/\/turbatours.com\/wp-content\/uploads\/2025\/03\/Turba-Tours-vizit-karte-148-x-148-mm-430x430.jpg 430w, https:\/\/turbatours.com\/wp-content\/uploads\/2025\/03\/Turba-Tours-vizit-karte-148-x-148-mm-700x700.jpg 700w, https:\/\/turbatours.com\/wp-content\/uploads\/2025\/03\/Turba-Tours-vizit-karte-148-x-148-mm.jpg 1748w\" sizes=\"auto, (max-width: 800px) 100vw, 800px\" \/>\n\t\t\t\t\t\t\t\t\t\t\t\t\t<\/a>\n\t\t\t\t\t\t\t\t\t\t\t<\/div>\n\t\t\t\t\t\t\t\t\t\t\t\t\t\t\t<div class=\"wd-gallery-item wd-col\">\n\t\t\t\t\t\t\t\t\t\t\t\t\t<a  href=\"https:\/\/turbatours.com\/wp-content\/uploads\/2025\/03\/2.png\" data-width=\"1748\" data-height=\"1748\" data-index=\"2\" data-elementor-open-lightbox=\"no\">\n\t\t\t\t\t\t\n\t\t\t\t\t\t<img loading=\"lazy\" decoding=\"async\" width=\"800\" height=\"800\" src=\"https:\/\/turbatours.com\/wp-content\/uploads\/2025\/03\/2-800x800.png\" class=\"attachment-large size-large\" alt=\"2\" srcset=\"https:\/\/turbatours.com\/wp-content\/uploads\/2025\/03\/2-800x800.png 800w, https:\/\/turbatours.com\/wp-content\/uploads\/2025\/03\/2-300x300.png 300w, https:\/\/turbatours.com\/wp-content\/uploads\/2025\/03\/2-150x150.png 150w, https:\/\/turbatours.com\/wp-content\/uploads\/2025\/03\/2-768x768.png 768w, https:\/\/turbatours.com\/wp-content\/uploads\/2025\/03\/2-1536x1536.png 1536w, https:\/\/turbatours.com\/wp-content\/uploads\/2025\/03\/2-12x12.png 12w, https:\/\/turbatours.com\/wp-content\/uploads\/2025\/03\/2-430x430.png 430w, https:\/\/turbatours.com\/wp-content\/uploads\/2025\/03\/2-700x700.png 700w, https:\/\/turbatours.com\/wp-content\/uploads\/2025\/03\/2.png 1748w\" sizes=\"auto, (max-width: 800px) 100vw, 800px\" \/>\n\t\t\t\t\t\t\t\t\t\t\t\t\t<\/a>\n\t\t\t\t\t\t\t\t\t\t\t<\/div>\n\t\t\t\t\t\t\t\t\t\t\t\t\t\t\t<div class=\"wd-gallery-item wd-col\">\n\t\t\t\t\t\t\t\t\t\t\t\t\t<a  href=\"https:\/\/turbatours.com\/wp-content\/uploads\/2025\/03\/1.png\" data-width=\"1748\" data-height=\"1748\" data-index=\"3\" data-elementor-open-lightbox=\"no\">\n\t\t\t\t\t\t\n\t\t\t\t\t\t<img loading=\"lazy\" decoding=\"async\" width=\"800\" height=\"800\" src=\"https:\/\/turbatours.com\/wp-content\/uploads\/2025\/03\/1-800x800.png\" class=\"attachment-large size-large\" alt=\"1\" srcset=\"https:\/\/turbatours.com\/wp-content\/uploads\/2025\/03\/1-800x800.png 800w, https:\/\/turbatours.com\/wp-content\/uploads\/2025\/03\/1-300x300.png 300w, https:\/\/turbatours.com\/wp-content\/uploads\/2025\/03\/1-150x150.png 150w, https:\/\/turbatours.com\/wp-content\/uploads\/2025\/03\/1-768x768.png 768w, https:\/\/turbatours.com\/wp-content\/uploads\/2025\/03\/1-1536x1536.png 1536w, https:\/\/turbatours.com\/wp-content\/uploads\/2025\/03\/1-12x12.png 12w, https:\/\/turbatours.com\/wp-content\/uploads\/2025\/03\/1-430x430.png 430w, https:\/\/turbatours.com\/wp-content\/uploads\/2025\/03\/1-700x700.png 700w, https:\/\/turbatours.com\/wp-content\/uploads\/2025\/03\/1.png 1748w\" sizes=\"auto, (max-width: 800px) 100vw, 800px\" \/>\n\t\t\t\t\t\t\t\t\t\t\t\t\t<\/a>\n\t\t\t\t\t\t\t\t\t\t\t<\/div>\n\t\t\t\t\t\t\t\t\t\t\t\t\t\t\t<div class=\"wd-gallery-item wd-col\">\n\t\t\t\t\t\t\t\t\t\t\t\t\t<a  href=\"https:\/\/turbatours.com\/wp-content\/uploads\/2025\/03\/3.png\" data-width=\"1748\" data-height=\"1748\" data-index=\"4\" data-elementor-open-lightbox=\"no\">\n\t\t\t\t\t\t\n\t\t\t\t\t\t<img loading=\"lazy\" decoding=\"async\" width=\"800\" height=\"800\" src=\"https:\/\/turbatours.com\/wp-content\/uploads\/2025\/03\/3-800x800.png\" class=\"attachment-large size-large\" alt=\"3\" srcset=\"https:\/\/turbatours.com\/wp-content\/uploads\/2025\/03\/3-800x800.png 800w, https:\/\/turbatours.com\/wp-content\/uploads\/2025\/03\/3-300x300.png 300w, https:\/\/turbatours.com\/wp-content\/uploads\/2025\/03\/3-150x150.png 150w, https:\/\/turbatours.com\/wp-content\/uploads\/2025\/03\/3-768x768.png 768w, https:\/\/turbatours.com\/wp-content\/uploads\/2025\/03\/3-1536x1536.png 1536w, https:\/\/turbatours.com\/wp-content\/uploads\/2025\/03\/3-12x12.png 12w, https:\/\/turbatours.com\/wp-content\/uploads\/2025\/03\/3-430x430.png 430w, https:\/\/turbatours.com\/wp-content\/uploads\/2025\/03\/3-700x700.png 700w, https:\/\/turbatours.com\/wp-content\/uploads\/2025\/03\/3.png 1748w\" sizes=\"auto, (max-width: 800px) 100vw, 800px\" \/>\n\t\t\t\t\t\t\t\t\t\t\t\t\t<\/a>\n\t\t\t\t\t\t\t\t\t\t\t<\/div>\n\t\t\t\t\t\t\t\t\t\t\t\t\t\t\t<div class=\"wd-gallery-item wd-col\">\n\t\t\t\t\t\t\t\t\t\t\t\t\t<a  href=\"https:\/\/turbatours.com\/wp-content\/uploads\/2021\/08\/Jajcevodopadi.jpg\" data-width=\"1748\" data-height=\"1748\" data-index=\"5\" data-elementor-open-lightbox=\"no\">\n\t\t\t\t\t\t\n\t\t\t\t\t\t<img loading=\"lazy\" decoding=\"async\" width=\"800\" height=\"800\" src=\"https:\/\/turbatours.com\/wp-content\/uploads\/2021\/08\/Jajcevodopadi-800x800.jpg\" class=\"attachment-large size-large\" alt=\"Jajcevodopadi\" srcset=\"https:\/\/turbatours.com\/wp-content\/uploads\/2021\/08\/Jajcevodopadi-800x800.jpg 800w, https:\/\/turbatours.com\/wp-content\/uploads\/2021\/08\/Jajcevodopadi-300x300.jpg 300w, https:\/\/turbatours.com\/wp-content\/uploads\/2021\/08\/Jajcevodopadi-150x150.jpg 150w, https:\/\/turbatours.com\/wp-content\/uploads\/2021\/08\/Jajcevodopadi-768x768.jpg 768w, https:\/\/turbatours.com\/wp-content\/uploads\/2021\/08\/Jajcevodopadi-1536x1536.jpg 1536w, https:\/\/turbatours.com\/wp-content\/uploads\/2021\/08\/Jajcevodopadi-12x12.jpg 12w, https:\/\/turbatours.com\/wp-content\/uploads\/2021\/08\/Jajcevodopadi-430x430.jpg 430w, https:\/\/turbatours.com\/wp-content\/uploads\/2021\/08\/Jajcevodopadi-700x700.jpg 700w, https:\/\/turbatours.com\/wp-content\/uploads\/2021\/08\/Jajcevodopadi.jpg 1748w\" sizes=\"auto, (max-width: 800px) 100vw, 800px\" \/>\n\t\t\t\t\t\t\t\t\t\t\t\t\t<\/a>\n\t\t\t\t\t\t\t\t\t\t\t<\/div>\n\t\t\t\t\t\t\t\t\t\t\t\t\t\t\t<div class=\"wd-gallery-item wd-col\">\n\t\t\t\t\t\t\t\t\t\t\t\t\t<a  href=\"https:\/\/turbatours.com\/wp-content\/uploads\/2021\/08\/Bosanske-piramide.jpg\" data-width=\"1748\" data-height=\"1748\" data-index=\"6\" data-elementor-open-lightbox=\"no\">\n\t\t\t\t\t\t\n\t\t\t\t\t\t<img loading=\"lazy\" decoding=\"async\" width=\"800\" height=\"800\" src=\"https:\/\/turbatours.com\/wp-content\/uploads\/2021\/08\/Bosanske-piramide-800x800.jpg\" class=\"attachment-large size-large\" alt=\"Bosanske piramide\" srcset=\"https:\/\/turbatours.com\/wp-content\/uploads\/2021\/08\/Bosanske-piramide-800x800.jpg 800w, https:\/\/turbatours.com\/wp-content\/uploads\/2021\/08\/Bosanske-piramide-300x300.jpg 300w, https:\/\/turbatours.com\/wp-content\/uploads\/2021\/08\/Bosanske-piramide-150x150.jpg 150w, https:\/\/turbatours.com\/wp-content\/uploads\/2021\/08\/Bosanske-piramide-768x768.jpg 768w, https:\/\/turbatours.com\/wp-content\/uploads\/2021\/08\/Bosanske-piramide-1536x1536.jpg 1536w, https:\/\/turbatours.com\/wp-content\/uploads\/2021\/08\/Bosanske-piramide-12x12.jpg 12w, https:\/\/turbatours.com\/wp-content\/uploads\/2021\/08\/Bosanske-piramide-430x430.jpg 430w, https:\/\/turbatours.com\/wp-content\/uploads\/2021\/08\/Bosanske-piramide-700x700.jpg 700w, https:\/\/turbatours.com\/wp-content\/uploads\/2021\/08\/Bosanske-piramide.jpg 1748w\" sizes=\"auto, (max-width: 800px) 100vw, 800px\" \/>\n\t\t\t\t\t\t\t\t\t\t\t\t\t<\/a>\n\t\t\t\t\t\t\t\t\t\t\t<\/div>\n\t\t\t\t\t\t\t\t\t\t\t\t\t\t\t<div class=\"wd-gallery-item wd-col\">\n\t\t\t\t\t\t\t\t\t\t\t\t\t<a  href=\"https:\/\/turbatours.com\/wp-content\/uploads\/2025\/02\/Jajcevodopadi.jpg\" data-width=\"1748\" data-height=\"1748\" data-index=\"7\" data-elementor-open-lightbox=\"no\">\n\t\t\t\t\t\t\n\t\t\t\t\t\t<img loading=\"lazy\" decoding=\"async\" width=\"800\" height=\"800\" src=\"https:\/\/turbatours.com\/wp-content\/uploads\/2025\/02\/Jajcevodopadi-800x800.jpg\" class=\"attachment-large size-large\" alt=\"Jajcevodopadi\" srcset=\"https:\/\/turbatours.com\/wp-content\/uploads\/2025\/02\/Jajcevodopadi-800x800.jpg 800w, https:\/\/turbatours.com\/wp-content\/uploads\/2025\/02\/Jajcevodopadi-300x300.jpg 300w, https:\/\/turbatours.com\/wp-content\/uploads\/2025\/02\/Jajcevodopadi-150x150.jpg 150w, https:\/\/turbatours.com\/wp-content\/uploads\/2025\/02\/Jajcevodopadi-768x768.jpg 768w, https:\/\/turbatours.com\/wp-content\/uploads\/2025\/02\/Jajcevodopadi-1536x1536.jpg 1536w, https:\/\/turbatours.com\/wp-content\/uploads\/2025\/02\/Jajcevodopadi-12x12.jpg 12w, https:\/\/turbatours.com\/wp-content\/uploads\/2025\/02\/Jajcevodopadi-430x430.jpg 430w, https:\/\/turbatours.com\/wp-content\/uploads\/2025\/02\/Jajcevodopadi-700x700.jpg 700w, https:\/\/turbatours.com\/wp-content\/uploads\/2025\/02\/Jajcevodopadi.jpg 1748w\" sizes=\"auto, (max-width: 800px) 100vw, 800px\" \/>\n\t\t\t\t\t\t\t\t\t\t\t\t\t<\/a>\n\t\t\t\t\t\t\t\t\t\t\t<\/div>\n\t\t\t\t\t\t\t\t\t\t\t\t\t\t\t<div class=\"wd-gallery-item wd-col\">\n\t\t\t\t\t\t\t\t\t\t\t\t\t<a  href=\"https:\/\/turbatours.com\/wp-content\/uploads\/2025\/02\/Travnik.jpg\" data-width=\"1748\" data-height=\"1748\" data-index=\"8\" data-elementor-open-lightbox=\"no\">\n\t\t\t\t\t\t\n\t\t\t\t\t\t<img loading=\"lazy\" decoding=\"async\" width=\"800\" height=\"800\" src=\"https:\/\/turbatours.com\/wp-content\/uploads\/2025\/02\/Travnik-800x800.jpg\" class=\"attachment-large size-large\" alt=\"Travnik\" srcset=\"https:\/\/turbatours.com\/wp-content\/uploads\/2025\/02\/Travnik-800x800.jpg 800w, https:\/\/turbatours.com\/wp-content\/uploads\/2025\/02\/Travnik-300x300.jpg 300w, https:\/\/turbatours.com\/wp-content\/uploads\/2025\/02\/Travnik-150x150.jpg 150w, https:\/\/turbatours.com\/wp-content\/uploads\/2025\/02\/Travnik-768x768.jpg 768w, https:\/\/turbatours.com\/wp-content\/uploads\/2025\/02\/Travnik-1536x1536.jpg 1536w, https:\/\/turbatours.com\/wp-content\/uploads\/2025\/02\/Travnik-12x12.jpg 12w, https:\/\/turbatours.com\/wp-content\/uploads\/2025\/02\/Travnik-430x430.jpg 430w, https:\/\/turbatours.com\/wp-content\/uploads\/2025\/02\/Travnik-700x700.jpg 700w, https:\/\/turbatours.com\/wp-content\/uploads\/2025\/02\/Travnik.jpg 1748w\" sizes=\"auto, (max-width: 800px) 100vw, 800px\" \/>\n\t\t\t\t\t\t\t\t\t\t\t\t\t<\/a>\n\t\t\t\t\t\t\t\t\t\t\t<\/div>\n\t\t\t\t\t\t\t\t\t\t\t\t\t\t\t<div class=\"wd-gallery-item wd-col\">\n\t\t\t\t\t\t\t\t\t\t\t\t\t<a  href=\"https:\/\/turbatours.com\/wp-content\/uploads\/2025\/02\/Mostar.jpg\" data-width=\"1748\" data-height=\"1748\" data-index=\"9\" data-elementor-open-lightbox=\"no\">\n\t\t\t\t\t\t\n\t\t\t\t\t\t<img loading=\"lazy\" decoding=\"async\" width=\"800\" height=\"800\" src=\"https:\/\/turbatours.com\/wp-content\/uploads\/2025\/02\/Mostar-800x800.jpg\" class=\"attachment-large size-large\" alt=\"Mostar\" srcset=\"https:\/\/turbatours.com\/wp-content\/uploads\/2025\/02\/Mostar-800x800.jpg 800w, https:\/\/turbatours.com\/wp-content\/uploads\/2025\/02\/Mostar-300x300.jpg 300w, https:\/\/turbatours.com\/wp-content\/uploads\/2025\/02\/Mostar-150x150.jpg 150w, https:\/\/turbatours.com\/wp-content\/uploads\/2025\/02\/Mostar-768x768.jpg 768w, https:\/\/turbatours.com\/wp-content\/uploads\/2025\/02\/Mostar-1536x1536.jpg 1536w, https:\/\/turbatours.com\/wp-content\/uploads\/2025\/02\/Mostar-12x12.jpg 12w, https:\/\/turbatours.com\/wp-content\/uploads\/2025\/02\/Mostar-430x430.jpg 430w, https:\/\/turbatours.com\/wp-content\/uploads\/2025\/02\/Mostar-700x700.jpg 700w, https:\/\/turbatours.com\/wp-content\/uploads\/2025\/02\/Mostar.jpg 1748w\" sizes=\"auto, (max-width: 800px) 100vw, 800px\" \/>\n\t\t\t\t\t\t\t\t\t\t\t\t\t<\/a>\n\t\t\t\t\t\t\t\t\t\t\t<\/div>\n\t\t\t\t\t\t\t\t\t\t\t\t\t<\/div>\n\t\t\t\t\t<\/div>\n\t\t\t\t\t\t<\/div>\n\t\t\t\t<\/div>\n\t\t\t\t<\/div>\n\t\t\t\t\t<\/div>\n\t\t\t\t<\/div>\n\t\t\t\t<\/div>","protected":false},"excerpt":{"rendered":"<p>O nama Balkan vas zove \u2013 po\u0111ite sa nama Turba Tours je turisti\u010dka agencija specijalizovana za autenti\u010dne ture po Balkanu.<\/p>","protected":false},"author":1,"featured_media":0,"parent":0,"menu_order":0,"comment_status":"closed","ping_status":"closed","template":"","meta":{"footnotes":""},"class_list":["post-4400","page","type-page","status-publish","hentry"],"_links":{"self":[{"href":"https:\/\/turbatours.com\/tr\/wp-json\/wp\/v2\/pages\/4400","targetHints":{"allow":["GET"]}}],"collection":[{"href":"https:\/\/turbatours.com\/tr\/wp-json\/wp\/v2\/pages"}],"about":[{"href":"https:\/\/turbatours.com\/tr\/wp-json\/wp\/v2\/types\/page"}],"author":[{"embeddable":true,"href":"https:\/\/turbatours.com\/tr\/wp-json\/wp\/v2\/users\/1"}],"replies":[{"embeddable":true,"href":"https:\/\/turbatours.com\/tr\/wp-json\/wp\/v2\/comments?post=4400"}],"version-history":[{"count":13,"href":"https:\/\/turbatours.com\/tr\/wp-json\/wp\/v2\/pages\/4400\/revisions"}],"predecessor-version":[{"id":27586,"href":"https:\/\/turbatours.com\/tr\/wp-json\/wp\/v2\/pages\/4400\/revisions\/27586"}],"wp:attachment":[{"href":"https:\/\/turbatours.com\/tr\/wp-json\/wp\/v2\/media?parent=4400"}],"curies":[{"name":"wp","href":"https:\/\/api.w.org\/{rel}","templated":true}]}}