{"id":27591,"date":"2025-05-28T13:59:28","date_gmt":"2025-05-28T11:59:28","guid":{"rendered":"https:\/\/turbatours.com\/?page_id=27591"},"modified":"2025-05-28T14:07:56","modified_gmt":"2025-05-28T12:07:56","slug":"kontakt","status":"publish","type":"page","link":"https:\/\/turbatours.com\/tr\/kontakt\/","title":{"rendered":"Kontakt"},"content":{"rendered":"<div data-elementor-type=\"wp-page\" data-elementor-id=\"27591\" class=\"elementor elementor-27591\" data-elementor-post-type=\"page\">\n\t\t\t\t<div class=\"wd-negative-gap elementor-element elementor-element-590a12f e-flex e-con-boxed e-con e-parent\" data-id=\"590a12f\" data-element_type=\"container\">\n\t\t\t\t\t<div class=\"e-con-inner\">\n\t\t<div class=\"elementor-element elementor-element-c363904 e-con-full e-flex e-con e-child\" data-id=\"c363904\" data-element_type=\"container\">\n\t\t\t\t<div class=\"elementor-element elementor-element-da4de96 elementor-widget elementor-widget-wd_text_block\" data-id=\"da4de96\" data-element_type=\"widget\" data-widget_type=\"wd_text_block.default\">\n\t\t\t\t<div class=\"elementor-widget-container\">\n\t\t\t\t\t\t\t<div class=\"wd-text-block reset-last-child text-left\">\n\t\t\t\n\t\t\t<div class=\"elementor-element elementor-element-7341eac elementor-widget elementor-widget-wd_image_or_svg\" data-id=\"7341eac\" data-element_type=\"widget\" data-widget_type=\"wd_image_or_svg.default\"><div class=\"elementor-widget-container\"><div class=\"wd-image text-left\"><a href=\"https:\/\/turbatours.com\/tr\/project-cat\/jednodnevni-izleti\/\" aria-label=\"Image link\"><img loading=\"lazy\" decoding=\"async\" class=\"attachment-140x55 size-140x55\" src=\"https:\/\/turbatours.com\/wp-content\/uploads\/2025\/01\/Logo_turba-140x55.png\" sizes=\"auto, (max-width: 140px) 100vw, 140px\" srcset=\"https:\/\/turbatours.com\/wp-content\/uploads\/2025\/01\/Logo_turba-140x55.png 140w, https:\/\/turbatours.com\/wp-content\/uploads\/2025\/01\/Logo_turba-430x171.png 430w, https:\/\/turbatours.com\/wp-content\/uploads\/2025\/01\/Logo_turba-150x60.png 150w, https:\/\/turbatours.com\/wp-content\/uploads\/2025\/01\/Logo_turba-400x159.png 400w, https:\/\/turbatours.com\/wp-content\/uploads\/2025\/01\/Logo_turba.png 475w\" alt=\"\" width=\"140\" height=\"55\" \/><\/a><\/div><\/div><\/div><div class=\"elementor-element elementor-element-0259971 elementor-widget elementor-widget-wd_text_block\" data-id=\"0259971\" data-element_type=\"widget\" data-widget_type=\"wd_text_block.default\"><div class=\"elementor-widget-container\"><div class=\"wd-text-block reset-last-child text-left\"><p>Va\u0161 pouzdan partner za nezaboravna putovanja. Uvijek sigurni na putu do \u017eeljene destinacije!<\/p><\/div><\/div><\/div><div class=\"elementor-element elementor-element-25adf6a elementor-widget elementor-widget-wd_list\" data-id=\"25adf6a\" data-element_type=\"widget\" data-widget_type=\"wd_list.default\"><div class=\"elementor-widget-container\"><ul class=\"wd-list color-scheme- wd-fontsize-xs wd-type-image wd-style-default text-left\"><li class=\"elementor-repeater-item-80be36b\"><span class=\"wd-icon\"><img loading=\"lazy\" decoding=\"async\" title=\"wd-cursor-light\" src=\"https:\/\/turbatours.com\/wp-content\/uploads\/2021\/09\/wd-cursor-light.svg\" width=\"14\" height=\"14\" \/><\/span><span class=\"wd-list-content list-content\">Safvet bega Ba\u0161agi\u0107a 38<br \/>Stari Grad 71000 Sarajevo<\/span><\/li><li class=\"elementor-repeater-item-c383cf6\"><span class=\"wd-icon\"><img loading=\"lazy\" decoding=\"async\" title=\"wd-phone-light\" src=\"https:\/\/turbatours.com\/wp-content\/uploads\/2021\/09\/wd-phone-light.svg\" width=\"14\" height=\"14\" \/><\/span><span class=\"wd-list-content list-content\">Telefon: +387 33 238 266<\/span><\/li><li class=\"elementor-repeater-item-a511145\"><span class=\"wd-icon\"><img loading=\"lazy\" decoding=\"async\" title=\"wd-envelope-light\" src=\"https:\/\/turbatours.com\/wp-content\/uploads\/2021\/09\/wd-envelope-light.svg\" width=\"14\" height=\"14\" \/><\/span><span class=\"wd-list-content list-content\">info@turbatours.com<\/span><\/li><\/ul><\/div><\/div>\n\t\t\t\t\t<\/div>\n\t\t\t\t\t\t<\/div>\n\t\t\t\t<\/div>\n\t\t\t\t<\/div>\n\t\t<div class=\"elementor-element elementor-element-561aa39 e-con-full e-flex e-con e-child\" data-id=\"561aa39\" data-element_type=\"container\">\n\t\t\t\t<div class=\"elementor-element elementor-element-912f627 wd-cf7 elementor-widget elementor-widget-wd_contact_form_7\" data-id=\"912f627\" data-element_type=\"widget\" data-widget_type=\"wd_contact_form_7.default\">\n\t\t\t\t<div class=\"elementor-widget-container\">\n\t\t\t\t\t\n<div class=\"wpcf7 no-js\" id=\"wpcf7-f27590-o1\" lang=\"bs-BA\" dir=\"ltr\" data-wpcf7-id=\"27590\">\n<div class=\"screen-reader-response\"><p role=\"status\" aria-live=\"polite\" aria-atomic=\"true\"><\/p> <ul><\/ul><\/div>\n<form action=\"\/tr\/wp-json\/wp\/v2\/pages\/27591#wpcf7-f27590-o1\" method=\"post\" class=\"wpcf7-form init\" aria-label=\"Kontakt obrazac\" novalidate=\"novalidate\" data-status=\"init\" data-trp-original-action=\"\/tr\/wp-json\/wp\/v2\/pages\/27591#wpcf7-f27590-o1\">\n<fieldset class=\"hidden-fields-container\"><input type=\"hidden\" name=\"_wpcf7\" value=\"27590\" \/><input type=\"hidden\" name=\"_wpcf7_version\" value=\"6.1.1\" \/><input type=\"hidden\" name=\"_wpcf7_locale\" value=\"bs_BA\" \/><input type=\"hidden\" name=\"_wpcf7_unit_tag\" value=\"wpcf7-f27590-o1\" \/><input type=\"hidden\" name=\"_wpcf7_container_post\" value=\"0\" \/><input type=\"hidden\" name=\"_wpcf7_posted_data_hash\" value=\"\" \/><input type=\"hidden\" name=\"_wpcf7_recaptcha_response\" value=\"\" \/>\n<\/fieldset>\n<p><label> Ad\u0131n\u0131z<br \/>\n<span class=\"wpcf7-form-control-wrap\" data-name=\"your-name\"><input size=\"40\" maxlength=\"400\" class=\"wpcf7-form-control wpcf7-text wpcf7-validates-as-required\" autocomplete=\"name\" aria-required=\"true\" aria-invalid=\"false\" value=\"\" type=\"text\" name=\"your-name\" \/><\/span> <\/label>\n<\/p>\n<p><label> E-posta adresiniz<br \/>\n<span class=\"wpcf7-form-control-wrap\" data-name=\"your-email\"><input size=\"40\" maxlength=\"400\" class=\"wpcf7-form-control wpcf7-email wpcf7-validates-as-required wpcf7-text wpcf7-validates-as-email\" autocomplete=\"email\" aria-required=\"true\" aria-invalid=\"false\" value=\"\" type=\"email\" name=\"your-email\" \/><\/span> <\/label>\n<\/p>\n<p><label> Telefon numaras\u0131<br \/>\n<span class=\"wpcf7-form-control-wrap\" data-name=\"tel-304\"><input size=\"40\" maxlength=\"400\" class=\"wpcf7-form-control wpcf7-tel wpcf7-text wpcf7-validates-as-tel\" aria-invalid=\"false\" value=\"\" type=\"tel\" name=\"tel-304\" \/><\/span> <\/label>\n<\/p>\n<p><label> \u0130lginizi \u00e7eken tur<br \/>\n<span class=\"wpcf7-form-control-wrap\" data-name=\"select-62\"><select class=\"wpcf7-form-control wpcf7-select\" aria-invalid=\"false\" name=\"select-62\"><option value=\"G\u00fcn\u00fcbirlik gezi\">G\u00fcn\u00fcbirlik gezi<\/option><option value=\"Birden fazla g\u00fcnl\u00fck gezi\">Birden fazla g\u00fcnl\u00fck gezi<\/option><option value=\"Hayat T\u00fcneli, Konyits, Po\u00e7itel, Sar\u0131 Saltuk Tekkesi, Mostar\">Tunel Spasa, Konjic, Po\u010ditelj, Tekija Blagaj i Mostar<\/option><option value=\"Travnik ve Yajce \u2013 g\u00fcn\u00fcbirlik gezi\">Travnik ve Yajce \u2013 g\u00fcn\u00fcbirlik gezi<\/option><option value=\"Kurtulu\u015f T\u00fcneli ve Bosna Piramitleri \u2013 g\u00fcn\u00fcbirlik gezi\">Kurtulu\u015f T\u00fcneli ve Bosna Piramitleri \u2013 g\u00fcn\u00fcbirlik gezi<\/option><\/select><\/span> <\/label>\n<\/p>\n<p><label> Mesaj\u0131n\u0131z (iste\u011fe ba\u011fl\u0131)<br \/>\n<span class=\"wpcf7-form-control-wrap\" data-name=\"your-message\"><textarea cols=\"40\" rows=\"10\" maxlength=\"2000\" class=\"wpcf7-form-control wpcf7-textarea\" aria-invalid=\"false\" name=\"your-message\"><\/textarea><\/span> <\/label>\n<\/p>\n<p><input class=\"wpcf7-form-control wpcf7-submit has-spinner\" type=\"submit\" value=\"G\u00f6nder\" \/>\n<\/p><div class=\"wpcf7-response-output\" aria-hidden=\"true\"><\/div>\n<input type=\"hidden\" name=\"trp-form-language\" value=\"tr\"\/><\/form>\n<\/div>\n\t\t\t\t<\/div>\n\t\t\t\t<\/div>\n\t\t\t\t<\/div>\n\t\t\t\t\t<\/div>\n\t\t\t\t<\/div>\n\t\t\t\t<\/div>","protected":false},"excerpt":{"rendered":"<p>Va\u0161 pouzdan partner za nezaboravna putovanja. Uvijek sigurni na putu do \u017eeljene destinacije! Safvet bega Ba\u0161agi\u0107a 38 Stari Grad 71000<\/p>","protected":false},"author":4,"featured_media":0,"parent":0,"menu_order":0,"comment_status":"closed","ping_status":"closed","template":"elementor_header_footer","meta":{"footnotes":""},"class_list":["post-27591","page","type-page","status-publish","hentry"],"_links":{"self":[{"href":"https:\/\/turbatours.com\/tr\/wp-json\/wp\/v2\/pages\/27591","targetHints":{"allow":["GET"]}}],"collection":[{"href":"https:\/\/turbatours.com\/tr\/wp-json\/wp\/v2\/pages"}],"about":[{"href":"https:\/\/turbatours.com\/tr\/wp-json\/wp\/v2\/types\/page"}],"author":[{"embeddable":true,"href":"https:\/\/turbatours.com\/tr\/wp-json\/wp\/v2\/users\/4"}],"replies":[{"embeddable":true,"href":"https:\/\/turbatours.com\/tr\/wp-json\/wp\/v2\/comments?post=27591"}],"version-history":[{"count":12,"href":"https:\/\/turbatours.com\/tr\/wp-json\/wp\/v2\/pages\/27591\/revisions"}],"predecessor-version":[{"id":27607,"href":"https:\/\/turbatours.com\/tr\/wp-json\/wp\/v2\/pages\/27591\/revisions\/27607"}],"wp:attachment":[{"href":"https:\/\/turbatours.com\/tr\/wp-json\/wp\/v2\/media?parent=27591"}],"curies":[{"name":"wp","href":"https:\/\/api.w.org\/{rel}","templated":true}]}}