{"id":26918,"date":"2025-01-04T18:27:17","date_gmt":"2025-01-04T17:27:17","guid":{"rendered":"https:\/\/tr.turbatours.com\/?page_id=26918"},"modified":"2025-01-20T12:11:51","modified_gmt":"2025-01-20T11:11:51","slug":"andaluzija","status":"publish","type":"page","link":"https:\/\/turbatours.com\/tr\/andaluzija\/","title":{"rendered":"Endelus"},"content":{"rendered":"<div data-elementor-type=\"wp-page\" data-elementor-id=\"26918\" class=\"elementor elementor-26918\" data-elementor-post-type=\"page\">\n\t\t\t\t<div class=\"elementor-element elementor-element-d515ae0 e-con-full wd-section-stretch e-flex e-con e-parent\" data-id=\"d515ae0\" data-element_type=\"container\" data-settings=\"{&quot;background_background&quot;:&quot;classic&quot;}\">\n\t\t<div class=\"elementor-element elementor-element-9ea98be e-con-full wd-section-stretch e-flex e-con e-child\" data-id=\"9ea98be\" data-element_type=\"container\" data-settings=\"{&quot;background_background&quot;:&quot;classic&quot;}\">\n\t\t\t\t<\/div>\n\t\t\t\t<\/div>\n\t\t<div class=\"elementor-element elementor-element-e77f1f0 e-con-full wd-section-stretch e-flex e-con e-parent\" data-id=\"e77f1f0\" data-element_type=\"container\">\n\t\t\t\t<div class=\"elementor-element elementor-element-eb61dee elementor-hidden-tablet elementor-hidden-mobile elementor-widget elementor-widget-html\" data-id=\"eb61dee\" data-element_type=\"widget\" data-widget_type=\"html.default\">\n\t\t\t\t<div class=\"elementor-widget-container\">\n\t\t\t\t\t<div style=\"position: relative; width: 100%; height: 0; padding-top: 36.4583%; padding-bottom: 0;  margin-top: 1.6em; margin-bottom: 0.9em; overflow: hidden; border-radius: 8px; will-change: transform;\">\r\n  <iframe loading=\"lazy\" style=\"position: absolute; width: 100%; height: 100%; top: 0; left: 0; border: none; padding: 0;margin: 0;\"\r\n    src=\"https:\/\/www.canva.com\/design\/DAGbQOeJYNI\/w4khBr9tcoprj6pRbr_e9g\/view?embed\" allowfullscreen=\"allowfullscreen\" allow=\"fullscreen\">\r\n  <\/iframe>\r\n<\/div>\r\n\t\t\t\t<\/div>\n\t\t\t\t<\/div>\n\t\t\t\t<div class=\"elementor-element elementor-element-10957c3 elementor-hidden-desktop elementor-widget elementor-widget-html\" data-id=\"10957c3\" data-element_type=\"widget\" data-widget_type=\"html.default\">\n\t\t\t\t<div class=\"elementor-widget-container\">\n\t\t\t\t\t<div style=\"position: relative; width: 100%; height: 0; padding-top: 100.0000%; padding-bottom: 0; box-shadow: 0 2px 8px 0 rgba(63,69,81,0.16); margin-top: 1.6em; margin-bottom: 0.9em; overflow: hidden; border-radius: 8px; will-change: transform;\">\r\n  <iframe loading=\"lazy\" style=\"position: absolute; width: 100%; height: 100%; top: 0; left: 0; border: none; padding: 0;margin: 0;\"\r\n    src=\"https:\/\/www.canva.com\/design\/DAGaNoMaeC0\/TQul-zhpPFujuUs06Zgy1Q\/view?embed\" allowfullscreen=\"allowfullscreen\" allow=\"fullscreen\">\r\n  <\/iframe>\r\n<\/div>\t\t\t\t<\/div>\n\t\t\t\t<\/div>\n\t\t\t\t<div class=\"elementor-element elementor-element-0a6f127 elementor-widget elementor-widget-spacer\" data-id=\"0a6f127\" data-element_type=\"widget\" data-widget_type=\"spacer.default\">\n\t\t\t\t<div class=\"elementor-widget-container\">\n\t\t\t\t\t\t\t<div class=\"elementor-spacer\">\n\t\t\t<div class=\"elementor-spacer-inner\"><\/div>\n\t\t<\/div>\n\t\t\t\t\t\t<\/div>\n\t\t\t\t<\/div>\n\t\t\t\t<\/div>\n\t\t<div class=\"elementor-element elementor-element-9e11340 e-con-full e-flex e-con e-parent\" data-id=\"9e11340\" data-element_type=\"container\">\n\t\t\t\t<div class=\"elementor-element elementor-element-6b37741 wd-width-100 elementor-widget elementor-widget-wd_title\" data-id=\"6b37741\" data-element_type=\"widget\" data-widget_type=\"wd_title.default\">\n\t\t\t\t<div class=\"elementor-widget-container\">\n\t\t\t\t\t\t\t<div class=\"title-wrapper wd-set-mb reset-last-child wd-title-color-default wd-title-style-default wd-title-size-default text-left\">\n\n\t\t\t\t\t\t\t\t\t\t\t<div class=\"title-subtitle subtitle-color-default subtitle-style-default wd-fontsize-xs\">\n\t\t\t\t\t* 5 no\u0107i 6 dana Andaluzija\t\t\t\t<\/div>\n\t\t\t\n\t\t\t<div class=\"liner-continer\">\n\t\t\t\t<h4 class=\"woodmart-title-container title wd-fontsize-l\">Program Obilaska: MALAGA - GRANADA - CORDOBA - SEVILLA \u2013 RONDA \u2013 MARBELLA - M\u0130JAS \u2013 MALAGA<\/h4> \n\t\t\t\t\t\t\t<\/div>\n\n\t\t\t\t\t\t\t<div class=\"title-after_title reset-last-child wd-fontsize-xs\">\n\t\t\t\t\t<p>\u00a0<\/p><ol><li><span style=\"font-family: Lato, Arial, Helvetica, sans-serif;font-size: 16px;font-style: normal;font-weight: 400\">Dan:<\/span> Na\u0161a grupa se sastaje na Sarajevskom aerodromu 1,5 sati prije polijetanja aviona. Obzirom da nema direktna veza sa \u0160panijom koristimo transfer preko aerodroma Istanbul. Putovanje sa presjedanjem traje 7.5 sati. Na aerdromu u Malagi susre\u0107emo se sa na\u0161im vodi\u010dem, nakon \u010dega idemo na jednoiposatnu vo\u017enju gradom, a potom prelazimo u Granadu gdje nam je i hotel.<\/li><li><span style=\"font-family: Lato, Arial, Helvetica, sans-serif;font-size: 16px;font-style: normal;font-weight: 400\">Dan:<\/span> Posle doru\u010dka idemo u cjelodnevni obilazak Granade i ponovo no\u0107enje u Granadi<\/li><li><span style=\"font-family: Lato, Arial, Helvetica, sans-serif;font-size: 16px;font-style: normal;font-weight: 400\">Dan:<\/span> Posle doru\u010dka posle dvosatne vo\u017enje prelazimo u Cordobu. Posle \u0161etnje i obilaska Cordobe prelazimo u Sevilju gdje i spavamo.<\/li><li><span style=\"font-family: Lato, Arial, Helvetica, sans-serif;font-size: 16px;font-style: normal;font-weight: 400\">Dan:<\/span> Posle doru\u010dka \u0161etnja Seviljom do ve\u010dere u hotelu.<\/li><li>Dan: U jutru posle doru\u010dka obilazak gradi\u0107a Ronda, \u0110ebelitarik, Marbella i Mijas i na kraju ve\u010dera i no\u0107enje u Malagi<\/li><li><span style=\"font-family: Lato, Arial, Helvetica, sans-serif;font-size: 16px;font-style: normal;font-weight: 400\">Dan:<\/span> Nakon doru\u010dka u hotelu zaokru\u017eujemo na\u0161u posjetu Andaluziji odlaskom na aerodrom<\/li><\/ol><p><strong>PROGRAM POSJETE:<\/strong><\/p><p><strong><em>*1. Dan;<\/em><\/strong><br \/><strong>Malaga: <\/strong><span style=\"font-size: 16px;text-align: var(--text-align);background-color: var(--wd-main-bgcolor)\"> Ovaj prelijepi lu\u010dki grad na sredozemlju bit \u0107e prvo \u0161to vidimo po stupanju na \u0160panskom tlu.Panoramskom vo\u017enjom gradom \u00a0Malaga imat \u0107emo priliku vidjeti sljede\u0107e: \u010duveni i veliki\u00a0 Botani\u010dki Park, arenu bikova \u201cPlaza de Toro\u201d, Brodska Luka, historijsku tvr\u0111avu Gibralforo koja je u isto vrijeme i vidikovac iznad grada. Posle \u0161etnje busom preporu\u010dujemo solo \u0161etnju starim\u00a0 gradskim jezgrom.Ovom prilikom imat \u0107emo priliku vidjeti nedovr\u0161enu Malaga Katedralu, Rimski Teatar, Andaluzijsku Tvr\u0111avu, rodnu ku\u0107u Picassa i njegov muzej u kome stoji jo\u0161 uvijek njegova izlo\u017eba, nakon starogradskog jezgra prelazimo u novi gradski dio u kome su smje\u0161teni centri umjetnosti i mode te markirani butici. Tu su jo\u0161 i trg Ustava Andaluzije te restorani Tapas sa raznovrsnom mediteranskom kuhinjom. Osniva\u010di grada su Feni\u010dani koji su grad pravili prema potrebama ribolova\u010dkih kolonija po kojima su bili poznati. Na obalama Malage postoje riblji restorani koji se zovu Sala\u0161 Restorani i koji \u010duvaju tradiciju staru 3.000 godina. Po\u0161to smo upotpunili \u0161etnju Malagom prelazimo u grad Granadu na ve\u010deru i konak.<\/span><\/p><p><strong><em>*2. Dan;<\/em><\/strong><br \/><strong>Granada:<\/strong> Kad ka\u017eemo biser Andaluzije prvo \u0161to nam pada na pamet je zasigurno dvorac Alhambra. Prva na\u0161a destinacija je upravo\u00a0 ovaj prelijepi dvorac sa sebi svojstvenom arhitekturom, beskrajnim ukrasima i ure\u0111enim bah\u010dama koje ne ostavljaju nikog ravnodu\u0161nim. Unutar dvorca imat \u0107emo priliku vidjeti \u010dudesa kralja Ben-u Ahmer-a. Na kraju dvorca obzirom da se nalazi na uzvi\u0161enju iznad grada poznatom po nazivu Vrh San Nikolas vidi se\u00a0 Granada. Nakon dvorca u\u0107i \u0107emo u staru Arapsku \u010detvrt Alba\u0111in\u00a0 kroz koju \u0107emo se probiti do glavne gradske ulice Gran Via \u00a0koja vodi do trga Isabel de Catholica koja je i preuzela klju\u010deve grada od posljednjeg kralja Andaluzije. Posle kra\u0107e pauze uz kafu ili \u010daj od nane nastavljamo razgledanje u\u017ee jezgre grada gdje nas o\u010dekuju razni historijski muzeji. U predve\u010derje imamo i malo slobodnog vremena za slobodnu \u0161etnju nakon koje prelazimo u hotel.<\/p><p><strong><em>*3. Dan;<\/em><\/strong><b> Cordoba:<br \/><\/b><span style=\"background-color: var(--wd-main-bgcolor);font-size: 16px;text-align: var(--text-align)\"> Posle doru\u010dka ulazimo u bus te nakon 2 sata vo\u017enje sti\u017eemo u Cordobu regionalnu prestolnicu onda\u0161njeg Rimskog Carstva i prvo sa \u010dim se susre\u0107emo je poznata rijeka Guadalquivir. Posle prelaska preko historijskog mosta iz perioda Rimskog carstava ulazimo\u00a0 kroz Rimsku kapiju u grad star 2000 godina. Najveli\u010danstvenije zdanje ovog starog grada je Kurtuba d\u017eamija jedna od najve\u0107ih na svijetu polo\u017eena na 850 stubova. Posle razgledanja unutra\u0161njosti ove velelepne gra\u0111evine imamo priliku upoznati se sa arhitekturom ovog jako starog naselja \u0161etnjom njegovim uskim ulicama. Prolaze\u0107i uskim ulicama koje su tradicionalno \u00a0oki\u0107ene cvije\u0107em pa se zato i zovu \u201cCvjetni Sokaci\u201d mo\u017eemo osjetiti miris iz daleke pro\u0161losti gledaju\u0107i na arhitekturu starih Cordoba ku\u0107a, hanova i avlija. Na kraju\u00a0 iskoristit \u0107emo pauzu za odmor uz kafu ili ne\u0161to po svom izboru. Nakon zaokru\u017eivanja \u0161etnje Coprdobom prelazimo u hotel koji se nalazi u Sevilji.<\/span><\/p><p><strong><em>*4. Dan;<br \/><\/em><\/strong><strong>Sevilla:<\/strong> <span style=\"font-size: 16px;text-align: var(--text-align);background-color: var(--wd-main-bgcolor)\">Na\u0161a sljede\u0107a stanica je u isto vrijeme prijestolnica Andaluzije. Po\u010dinjemo sa razgledanjem parka Maria Luisa u kome se nalaze Plaza de Espana i Plaza America. \u00a0Na ovom trgu svaka biv\u0161a kolonija \u0160panske imperije ima svoje mjesto u vidu kapije, a u gradu skoro na svakom dijelu se vide tragovi bogatstva koje je \u0160panija oduzela svojim kolonijama. Tre\u0107a po veli\u010dini katedrala u svijetu u kojoj se nalazi grob \u00a0Cristof Colomb(Kristofer Kolumbo) je u na\u0161em vidokrugu. Odmah uz katedralu je i minaret Hiralda koji je uspomena na Emevijsku dr\u017eavu, a dio je nekada\u0161nje velike d\u017eamije na koju je ustvari dogra\u0111ena ova katedrala. Potom zajedno sa na\u0161im vodi\u010dem\u00a0 prelazimo u dio grada koji oblikovan u zajedni\u010dkom stilu nekada\u0161nje Andaluzije i Kr\u0161\u0107anstva poznat pod nazivom Dvorac Kraljeva Kastilje. Na putu do tzv. \u201cstare\u201d Sevilje idu\u0107i prema Santa Cruz \u010detvrti prolazimo uskim sokacima pored muzeja u kom se \u010duvaju svi arhivi o Indijanskim plemenima na Ameri\u010dkom kontinentu od otkri\u0107a pa do 19. Vijeka. Na kraju na\u0161eg\u00a0 puta je kampus Univerziteta Sevilja \u00a0koji je u pro\u0161losti bio\u00a0 stara fabrika duhana i pomorski muzej Toore del Oro(Zlatna Kula) s kojim zavr\u0161avamo obilazak i prelazimo u tzv. \u201cCigansku Mahalu\u201d gdje \u0107emo dobiti vrijeme za slobodnu \u0161etnju. Nave\u010de u neka doba prelazimo u hotel.<\/span><\/p><p><strong><em>*5. Dan;<\/em><\/strong><br \/><strong>Ronda<\/strong>, <strong>\u0110ebelitarik(Gibraltar), Marbella ve Mijas:<\/strong> Na dana\u0161nji dan po doru\u010dku obilazak po\u010dinjemo sa starim gradi\u0107em Ronda opisan u romanu Ernesta Hemingwaya \u201cKome Zvone Zvona\u201d u kome su opisane prilike tokom \u0160panskog gra\u0111anskog rata. Ronda je danas s bijelo obojenim ku\u0107ama i uskim sokacima centar Romantizma. Odavde spolja se vidi dvorac Ben-i Ahmera-a \u0160panska najstarija arena bikova i most na visini od 100m\u00a0 iznad dubokih provalija ovog grada na stijeni. Posle pauze za slobodnu \u0161etnju idemo na sljede\u0107u destinaciju na\u0161eg nezaboravnog putovanja. \u0110ebelitarik(Gibraltar) mjesto gdje se spajaju dva velika mora, mjesto gdje je Tarik bin Zijad isplovio s ciljem osvajanja Iberije. Ovdje \u0107emo vidjeti veli\u010danstvenu stijenu Tarika i na vrhu moreuza\u00a0 staru islamsku tvr\u0111avu odakle puca pogled na grad Tarifu. U ovom gradu dobit \u0107emo slobodno vrijeme za \u0161etnju, a zatim svi zajedno \u0107emo pro\u0161etati uskim ulicama me\u0111u cvije\u0107em oki\u0107enim zidovima starih bijelom bojom okre\u010denih ku\u0107a koje su osnovna arhitektura grada Mijas koji predstavlja biser Andaluzije. Slobodnom \u0161etnjom ovog malog mjesta Mijas zavra\u0161avamo na\u0161e nezaboravno putovanje i vra\u0107amo se u grad Malaga gje \u0107emo i prespavati. \u00a0\u00a0\u00a0<\/p><p><strong><em>*6. Dan;<\/em><\/strong><br \/><strong>Malaga:<\/strong> Posle doru\u010dka odlazimo busom do aerodroma odakle letimo za ....?<\/p><p>\u0160ta je sve uklju\u010deno u cijenu ?<\/p><ul><li>Avioprevoz<\/li><li>Smje\u0161taj u dvokrevetnoj sobi hotela sa obezbje\u0111enim doru\u010dkom i ve\u010derom<\/li><li>BUS prevoz na ponu\u0111ene destinacije<\/li><li>Vodi\u010d na Bosanskom jeziku<\/li><li>Ulaznice u dvorac Alhambra i Kurtuba d\u017eamiju<\/li><li>Doplata za jednokrevetnu sobu 40\u20ac<\/li><li><strong><em>Napomena<\/em><\/strong>:<\/li><\/ul><ol><li>Da bi smo realizirali ovaj petodnevni program potrebno je minimum 19 osoba da uplati avans u iznosu od 300\u20ac u narednih 7 dana.<\/li><li>Za sva ostala pitanja mo\u017eete se obratiti putem whatsapa +387\/61 752 179 Enver<\/li><\/ol>\t\t\t\t<\/div>\n\t\t\t\t\t<\/div>\n\t\t\t\t\t\t<\/div>\n\t\t\t\t<\/div>\n\t\t\t\t<\/div>\n\t\t\t\t<\/div>","protected":false},"excerpt":{"rendered":"<p>* 5 no\u0107i 6 dana Andaluzija Program Obilaska: MALAGA &#8211; GRANADA &#8211; CORDOBA &#8211; SEVILLA \u2013 RONDA \u2013 MARBELLA &#8211;<\/p>","protected":false},"author":1,"featured_media":0,"parent":0,"menu_order":0,"comment_status":"closed","ping_status":"closed","template":"","meta":{"footnotes":""},"class_list":["post-26918","page","type-page","status-publish","hentry"],"_links":{"self":[{"href":"https:\/\/turbatours.com\/tr\/wp-json\/wp\/v2\/pages\/26918","targetHints":{"allow":["GET"]}}],"collection":[{"href":"https:\/\/turbatours.com\/tr\/wp-json\/wp\/v2\/pages"}],"about":[{"href":"https:\/\/turbatours.com\/tr\/wp-json\/wp\/v2\/types\/page"}],"author":[{"embeddable":true,"href":"https:\/\/turbatours.com\/tr\/wp-json\/wp\/v2\/users\/1"}],"replies":[{"embeddable":true,"href":"https:\/\/turbatours.com\/tr\/wp-json\/wp\/v2\/comments?post=26918"}],"version-history":[{"count":31,"href":"https:\/\/turbatours.com\/tr\/wp-json\/wp\/v2\/pages\/26918\/revisions"}],"predecessor-version":[{"id":27009,"href":"https:\/\/turbatours.com\/tr\/wp-json\/wp\/v2\/pages\/26918\/revisions\/27009"}],"wp:attachment":[{"href":"https:\/\/turbatours.com\/tr\/wp-json\/wp\/v2\/media?parent=26918"}],"curies":[{"name":"wp","href":"https:\/\/api.w.org\/{rel}","templated":true}]}}